{"id":529,"date":"2023-06-05T12:22:01","date_gmt":"2023-06-05T12:22:01","guid":{"rendered":"https:\/\/dev-statistix.justdo-it.at\/?page_id=529"},"modified":"2023-07-12T12:35:46","modified_gmt":"2023-07-12T12:35:46","slug":"datenschutz","status":"publish","type":"page","link":"https:\/\/statistix.at\/?page_id=529","title":{"rendered":"Datenschutz"},"content":{"rendered":"\t\t<div data-elementor-type=\"wp-page\" data-elementor-id=\"529\" class=\"elementor elementor-529\" data-elementor-settings=\"{&quot;ha_cmc_init_switcher&quot;:&quot;no&quot;}\" data-elementor-post-type=\"page\">\n\t\t\t\t<div data-particle_enable=\"false\" data-particle-mobile-disabled=\"false\" class=\"elementor-element elementor-element-6039388 e-flex e-con-boxed wpr-particle-no wpr-jarallax-no wpr-parallax-no wpr-sticky-section-no e-con e-parent\" data-id=\"6039388\" data-element_type=\"container\" data-e-type=\"container\" data-settings=\"{&quot;background_background&quot;:&quot;classic&quot;,&quot;_ha_eqh_enable&quot;:false}\">\n\t\t\t\t\t<div class=\"e-con-inner\">\n\t\t<div data-particle_enable=\"false\" data-particle-mobile-disabled=\"false\" class=\"elementor-element elementor-element-4287e7d e-con-full e-flex wpr-particle-no wpr-jarallax-no wpr-parallax-no wpr-sticky-section-no e-con e-parent\" data-id=\"4287e7d\" data-element_type=\"container\" data-e-type=\"container\" data-settings=\"{&quot;_ha_eqh_enable&quot;:false}\">\n\t\t\t\t<div class=\"elementor-element elementor-element-922d007 elementor-widget elementor-widget-text-editor\" data-id=\"922d007\" data-element_type=\"widget\" data-e-type=\"widget\" data-widget_type=\"text-editor.default\">\n\t\t\t\t<div class=\"elementor-widget-container\">\n\t\t\t\t\t\t\t\t\t<p>Datenschutzerkl\u00e4rung<\/p>\t\t\t\t\t\t\t\t<\/div>\n\t\t\t\t<\/div>\n\t\t\t\t<div class=\"elementor-element elementor-element-f00f7dd elementor-widget elementor-widget-text-editor\" data-id=\"f00f7dd\" data-element_type=\"widget\" data-e-type=\"widget\" data-widget_type=\"text-editor.default\">\n\t\t\t\t<div class=\"elementor-widget-container\">\n\t\t\t\t\t\t\t\t\t<p>In folgender Datenschutzerkl\u00e4rung informieren wir Sie \u00fcber die wichtigsten Aspekte der Datenverarbeitung im Rahmen unserer Webseite. Wir erheben und verarbeiten personenbezogene Daten nur auf Grundlage der gesetzlichen Bestimmungen (Datenschutzgrundverordnung, Telekommunikationsgesetz 2003).<br \/>Sobald Sie als Benutzer auf unsere Webseite zugreifen oder diese besuchen wird Ihre IP-Adresse, Beginn sowie Beginn und Ende der Sitzung erfasst. Dies ist technisch bedingt und stellt somit ein berechtigtes Interesse iSv Art 6 Abs 1 lit f DSGVO.<br \/>Kontakt mit uns<br \/>Wenn Sie uns, entweder \u00fcber unser Kontaktformular auf unserer Webseite, oder per Email kontaktieren, dann werden die von Ihnen an uns \u00fcbermittelten Daten zwecks Bearbeitung Ihrer Anfrage oder f\u00fcr den Fall von weiteren Anschlussfragen f\u00fcr sechs Monate bei uns gespeichert. Es erfolgt, ohne Ihre Einwilligung, keine Weitergabe Ihrer \u00fcbermittelten Daten.<br \/>Cookies<br \/>Unsere Website verwendet so genannte Cookies. Dabei handelt es sich um kleine Textdateien, die mit Hilfe des Browsers auf Ihrem Endger\u00e4t abgelegt werden. Sie richten keinen Schaden an. Wir nutzen Cookies dazu, unser Angebot nutzerfreundlich zu gestalten. Einige Cookies bleiben auf Ihrem Endger\u00e4t gespeichert, bis Sie diese l\u00f6schen. Sie erm\u00f6glichen es uns, Ihren Browser beim n\u00e4chsten Besuch wiederzuerkennen. Wenn Sie dies nicht w\u00fcnschen, so k\u00f6nnen Sie Ihren Browser so einrichten, dass er Sie \u00fcber das Setzen von Cookies informiert und Sie dies nur im Einzelfall erlauben. Bei der Deaktivierung von Cookies kann die Funktionalit\u00e4t unserer Website eingeschr\u00e4nkt sein.<br \/>Ihre Rechte als Betroffener<br \/>Sie als Betroffener haben bez\u00fcglich Ihrer Daten, welche bei uns gespeichert sind grunds\u00e4tzlich ein Recht auf:<br \/>* Auskunft<br \/>* L\u00f6schung der Daten<br \/>* Berichtigung der Daten<br \/>* \u00dcbertragbarkeit der Daten<br \/>* Wiederruf und Widerspruch zur Datenverarbeitung<br \/>* Einschr\u00e4nkung<br \/>Wenn sie vermuten, dass im Zuge der Verarbeitung Ihrer Daten Verst\u00f6\u00dfe gegen das Datenschutzrecht passiert sind, so haben Sie die M\u00f6glichkeit sich bei uns (office@stastistix.at) oder der Datenschutzbeh\u00f6rde zu beschweren.<br \/>Sie erreichen uns unter folgenden Kontaktdaten:<br \/>Webseitenbetreiber: statistix &#8211; Mag. Dr. Birgit Senft M.Eval<br \/>Telefonnummer: +436506452429<br \/>Email: office@stastistix.at<br \/>Datenschutzbeauftragter<br \/>Unseren Datenschutzbeauftragten erreichen Sie unter:<br \/>Name: Birgit Senft<br \/>Email: office@statistix.at<br \/>Telefon: +436506452429<br \/>Quelle: Datenschutz DSGVO Generator in Kooperation mit Umzug und Transport Firma Wien<\/p>\t\t\t\t\t\t\t\t<\/div>\n\t\t\t\t<\/div>\n\t\t\t\t<\/div>\n\t\t\t\t\t<\/div>\n\t\t\t\t<\/div>\n\t\t\t\t<\/div>\n\t\t","protected":false},"excerpt":{"rendered":"<p>Datenschutzerkl\u00e4rung In folgender Datenschutzerkl\u00e4rung informieren wir Sie \u00fcber die wichtigsten Aspekte der Datenverarbeitung im Rahmen unserer Webseite. Wir erheben und verarbeiten personenbezogene Daten nur auf Grundlage der gesetzlichen Bestimmungen (Datenschutzgrundverordnung, Telekommunikationsgesetz 2003).Sobald Sie als Benutzer auf unsere Webseite zugreifen oder diese besuchen wird Ihre IP-Adresse, Beginn sowie Beginn und Ende der Sitzung erfasst. Dies ist technisch bedingt und stellt somit ein berechtigtes Interesse iSv Art 6 Abs 1 lit f DSGVO.Kontakt mit unsWenn Sie uns, entweder \u00fcber unser Kontaktformular auf unserer Webseite, oder per Email kontaktieren, dann werden die von Ihnen an uns \u00fcbermittelten Daten zwecks Bearbeitung Ihrer Anfrage oder f\u00fcr den Fall von weiteren Anschlussfragen f\u00fcr sechs Monate bei uns gespeichert. Es erfolgt, ohne Ihre Einwilligung, keine Weitergabe Ihrer \u00fcbermittelten Daten.CookiesUnsere Website verwendet so genannte Cookies. Dabei handelt es sich um kleine Textdateien, die mit Hilfe des Browsers auf Ihrem Endger\u00e4t abgelegt werden. Sie richten keinen Schaden an. Wir nutzen Cookies dazu, unser Angebot nutzerfreundlich zu gestalten. Einige Cookies bleiben auf Ihrem Endger\u00e4t gespeichert, bis Sie diese l\u00f6schen. Sie erm\u00f6glichen es uns, Ihren Browser beim n\u00e4chsten Besuch wiederzuerkennen. Wenn Sie dies nicht w\u00fcnschen, so k\u00f6nnen Sie Ihren Browser so einrichten, dass er Sie \u00fcber das Setzen von Cookies informiert und Sie dies nur im Einzelfall erlauben. Bei der Deaktivierung von Cookies kann die Funktionalit\u00e4t unserer Website eingeschr\u00e4nkt sein.Ihre Rechte als BetroffenerSie als Betroffener haben bez\u00fcglich Ihrer Daten, welche bei uns gespeichert sind grunds\u00e4tzlich ein Recht auf:* Auskunft* L\u00f6schung der Daten* Berichtigung der Daten* \u00dcbertragbarkeit der Daten* Wiederruf und Widerspruch zur Datenverarbeitung* Einschr\u00e4nkungWenn sie vermuten, dass im Zuge der Verarbeitung Ihrer Daten Verst\u00f6\u00dfe gegen das Datenschutzrecht passiert sind, so haben Sie die M\u00f6glichkeit sich bei uns (office@stastistix.at) oder der Datenschutzbeh\u00f6rde zu beschweren.Sie erreichen uns unter folgenden Kontaktdaten:Webseitenbetreiber: statistix &#8211; Mag. Dr. Birgit Senft M.EvalTelefonnummer: +436506452429Email: office@stastistix.atDatenschutzbeauftragterUnseren Datenschutzbeauftragten erreichen Sie unter:Name: Birgit SenftEmail: office@statistix.atTelefon: +436506452429Quelle: Datenschutz DSGVO Generator in Kooperation mit Umzug und Transport Firma Wien<\/p>\n","protected":false},"author":1,"featured_media":0,"parent":0,"menu_order":0,"comment_status":"closed","ping_status":"closed","template":"elementor_header_footer","meta":{"footnotes":""},"class_list":["post-529","page","type-page","status-publish","hentry"],"yoast_head":"<!-- This site is optimized with the Yoast SEO plugin v27.3 - https:\/\/yoast.com\/product\/yoast-seo-wordpress\/ -->\n<title>Datenschutz - simplify your data<\/title>\n<meta name=\"robots\" content=\"index, follow, max-snippet:-1, max-image-preview:large, max-video-preview:-1\" \/>\n<link rel=\"canonical\" href=\"https:\/\/statistix.at\/?page_id=529\" \/>\n<meta property=\"og:locale\" content=\"de_DE\" \/>\n<meta property=\"og:type\" content=\"article\" \/>\n<meta property=\"og:title\" content=\"Datenschutz - simplify your data\" \/>\n<meta property=\"og:description\" content=\"Datenschutzerkl\u00e4rung In folgender Datenschutzerkl\u00e4rung informieren wir Sie \u00fcber die wichtigsten Aspekte der Datenverarbeitung im Rahmen unserer Webseite. Wir erheben und verarbeiten personenbezogene Daten nur auf Grundlage der gesetzlichen Bestimmungen (Datenschutzgrundverordnung, Telekommunikationsgesetz 2003).Sobald Sie als Benutzer auf unsere Webseite zugreifen oder diese besuchen wird Ihre IP-Adresse, Beginn sowie Beginn und Ende der Sitzung erfasst. Dies ist technisch bedingt und stellt somit ein berechtigtes Interesse iSv Art 6 Abs 1 lit f DSGVO.Kontakt mit unsWenn Sie uns, entweder \u00fcber unser Kontaktformular auf unserer Webseite, oder per Email kontaktieren, dann werden die von Ihnen an uns \u00fcbermittelten Daten zwecks Bearbeitung Ihrer Anfrage oder f\u00fcr den Fall von weiteren Anschlussfragen f\u00fcr sechs Monate bei uns gespeichert. Es erfolgt, ohne Ihre Einwilligung, keine Weitergabe Ihrer \u00fcbermittelten Daten.CookiesUnsere Website verwendet so genannte Cookies. Dabei handelt es sich um kleine Textdateien, die mit Hilfe des Browsers auf Ihrem Endger\u00e4t abgelegt werden. Sie richten keinen Schaden an. Wir nutzen Cookies dazu, unser Angebot nutzerfreundlich zu gestalten. Einige Cookies bleiben auf Ihrem Endger\u00e4t gespeichert, bis Sie diese l\u00f6schen. Sie erm\u00f6glichen es uns, Ihren Browser beim n\u00e4chsten Besuch wiederzuerkennen. Wenn Sie dies nicht w\u00fcnschen, so k\u00f6nnen Sie Ihren Browser so einrichten, dass er Sie \u00fcber das Setzen von Cookies informiert und Sie dies nur im Einzelfall erlauben. Bei der Deaktivierung von Cookies kann die Funktionalit\u00e4t unserer Website eingeschr\u00e4nkt sein.Ihre Rechte als BetroffenerSie als Betroffener haben bez\u00fcglich Ihrer Daten, welche bei uns gespeichert sind grunds\u00e4tzlich ein Recht auf:* Auskunft* L\u00f6schung der Daten* Berichtigung der Daten* \u00dcbertragbarkeit der Daten* Wiederruf und Widerspruch zur Datenverarbeitung* Einschr\u00e4nkungWenn sie vermuten, dass im Zuge der Verarbeitung Ihrer Daten Verst\u00f6\u00dfe gegen das Datenschutzrecht passiert sind, so haben Sie die M\u00f6glichkeit sich bei uns (office@stastistix.at) oder der Datenschutzbeh\u00f6rde zu beschweren.Sie erreichen uns unter folgenden Kontaktdaten:Webseitenbetreiber: statistix &#8211; Mag. Dr. Birgit Senft M.EvalTelefonnummer: +436506452429Email: office@stastistix.atDatenschutzbeauftragterUnseren Datenschutzbeauftragten erreichen Sie unter:Name: Birgit SenftEmail: office@statistix.atTelefon: +436506452429Quelle: Datenschutz DSGVO Generator in Kooperation mit Umzug und Transport Firma Wien\" \/>\n<meta property=\"og:url\" content=\"https:\/\/statistix.at\/?page_id=529\" \/>\n<meta property=\"og:site_name\" content=\"simplify your data\" \/>\n<meta property=\"article:modified_time\" content=\"2023-07-12T12:35:46+00:00\" \/>\n<meta name=\"twitter:card\" content=\"summary_large_image\" \/>\n<meta name=\"twitter:label1\" content=\"Gesch\u00e4tzte Lesezeit\" \/>\n\t<meta name=\"twitter:data1\" content=\"2\u00a0Minuten\" \/>\n<script type=\"application\/ld+json\" class=\"yoast-schema-graph\">{\"@context\":\"https:\\\/\\\/schema.org\",\"@graph\":[{\"@type\":\"WebPage\",\"@id\":\"https:\\\/\\\/statistix.at\\\/?page_id=529\",\"url\":\"https:\\\/\\\/statistix.at\\\/?page_id=529\",\"name\":\"Datenschutz - simplify your data\",\"isPartOf\":{\"@id\":\"https:\\\/\\\/statistix.at\\\/#website\"},\"datePublished\":\"2023-06-05T12:22:01+00:00\",\"dateModified\":\"2023-07-12T12:35:46+00:00\",\"breadcrumb\":{\"@id\":\"https:\\\/\\\/statistix.at\\\/?page_id=529#breadcrumb\"},\"inLanguage\":\"de\",\"potentialAction\":[{\"@type\":\"ReadAction\",\"target\":[\"https:\\\/\\\/statistix.at\\\/?page_id=529\"]}]},{\"@type\":\"BreadcrumbList\",\"@id\":\"https:\\\/\\\/statistix.at\\\/?page_id=529#breadcrumb\",\"itemListElement\":[{\"@type\":\"ListItem\",\"position\":1,\"name\":\"Startseite\",\"item\":\"https:\\\/\\\/statistix.at\\\/\"},{\"@type\":\"ListItem\",\"position\":2,\"name\":\"Datenschutz\"}]},{\"@type\":\"WebSite\",\"@id\":\"https:\\\/\\\/statistix.at\\\/#website\",\"url\":\"https:\\\/\\\/statistix.at\\\/\",\"name\":\"simplify your data\",\"description\":\"Evaluation ist meine Leidenschaft\",\"publisher\":{\"@id\":\"https:\\\/\\\/statistix.at\\\/#organization\"},\"potentialAction\":[{\"@type\":\"SearchAction\",\"target\":{\"@type\":\"EntryPoint\",\"urlTemplate\":\"https:\\\/\\\/statistix.at\\\/?s={search_term_string}\"},\"query-input\":{\"@type\":\"PropertyValueSpecification\",\"valueRequired\":true,\"valueName\":\"search_term_string\"}}],\"inLanguage\":\"de\"},{\"@type\":\"Organization\",\"@id\":\"https:\\\/\\\/statistix.at\\\/#organization\",\"name\":\"simplify your data\",\"url\":\"https:\\\/\\\/statistix.at\\\/\",\"logo\":{\"@type\":\"ImageObject\",\"inLanguage\":\"de\",\"@id\":\"https:\\\/\\\/statistix.at\\\/#\\\/schema\\\/logo\\\/image\\\/\",\"url\":\"https:\\\/\\\/statistix.at\\\/wp-content\\\/uploads\\\/2023\\\/05\\\/Logo-1.png\",\"contentUrl\":\"https:\\\/\\\/statistix.at\\\/wp-content\\\/uploads\\\/2023\\\/05\\\/Logo-1.png\",\"width\":178,\"height\":50,\"caption\":\"simplify your data\"},\"image\":{\"@id\":\"https:\\\/\\\/statistix.at\\\/#\\\/schema\\\/logo\\\/image\\\/\"}}]}<\/script>\n<!-- \/ Yoast SEO plugin. -->","yoast_head_json":{"title":"Datenschutz - simplify your data","robots":{"index":"index","follow":"follow","max-snippet":"max-snippet:-1","max-image-preview":"max-image-preview:large","max-video-preview":"max-video-preview:-1"},"canonical":"https:\/\/statistix.at\/?page_id=529","og_locale":"de_DE","og_type":"article","og_title":"Datenschutz - simplify your data","og_description":"Datenschutzerkl\u00e4rung In folgender Datenschutzerkl\u00e4rung informieren wir Sie \u00fcber die wichtigsten Aspekte der Datenverarbeitung im Rahmen unserer Webseite. Wir erheben und verarbeiten personenbezogene Daten nur auf Grundlage der gesetzlichen Bestimmungen (Datenschutzgrundverordnung, Telekommunikationsgesetz 2003).Sobald Sie als Benutzer auf unsere Webseite zugreifen oder diese besuchen wird Ihre IP-Adresse, Beginn sowie Beginn und Ende der Sitzung erfasst. Dies ist technisch bedingt und stellt somit ein berechtigtes Interesse iSv Art 6 Abs 1 lit f DSGVO.Kontakt mit unsWenn Sie uns, entweder \u00fcber unser Kontaktformular auf unserer Webseite, oder per Email kontaktieren, dann werden die von Ihnen an uns \u00fcbermittelten Daten zwecks Bearbeitung Ihrer Anfrage oder f\u00fcr den Fall von weiteren Anschlussfragen f\u00fcr sechs Monate bei uns gespeichert. Es erfolgt, ohne Ihre Einwilligung, keine Weitergabe Ihrer \u00fcbermittelten Daten.CookiesUnsere Website verwendet so genannte Cookies. Dabei handelt es sich um kleine Textdateien, die mit Hilfe des Browsers auf Ihrem Endger\u00e4t abgelegt werden. Sie richten keinen Schaden an. Wir nutzen Cookies dazu, unser Angebot nutzerfreundlich zu gestalten. Einige Cookies bleiben auf Ihrem Endger\u00e4t gespeichert, bis Sie diese l\u00f6schen. Sie erm\u00f6glichen es uns, Ihren Browser beim n\u00e4chsten Besuch wiederzuerkennen. Wenn Sie dies nicht w\u00fcnschen, so k\u00f6nnen Sie Ihren Browser so einrichten, dass er Sie \u00fcber das Setzen von Cookies informiert und Sie dies nur im Einzelfall erlauben. Bei der Deaktivierung von Cookies kann die Funktionalit\u00e4t unserer Website eingeschr\u00e4nkt sein.Ihre Rechte als BetroffenerSie als Betroffener haben bez\u00fcglich Ihrer Daten, welche bei uns gespeichert sind grunds\u00e4tzlich ein Recht auf:* Auskunft* L\u00f6schung der Daten* Berichtigung der Daten* \u00dcbertragbarkeit der Daten* Wiederruf und Widerspruch zur Datenverarbeitung* Einschr\u00e4nkungWenn sie vermuten, dass im Zuge der Verarbeitung Ihrer Daten Verst\u00f6\u00dfe gegen das Datenschutzrecht passiert sind, so haben Sie die M\u00f6glichkeit sich bei uns (office@stastistix.at) oder der Datenschutzbeh\u00f6rde zu beschweren.Sie erreichen uns unter folgenden Kontaktdaten:Webseitenbetreiber: statistix &#8211; Mag. Dr. Birgit Senft M.EvalTelefonnummer: +436506452429Email: office@stastistix.atDatenschutzbeauftragterUnseren Datenschutzbeauftragten erreichen Sie unter:Name: Birgit SenftEmail: office@statistix.atTelefon: +436506452429Quelle: Datenschutz DSGVO Generator in Kooperation mit Umzug und Transport Firma Wien","og_url":"https:\/\/statistix.at\/?page_id=529","og_site_name":"simplify your data","article_modified_time":"2023-07-12T12:35:46+00:00","twitter_card":"summary_large_image","twitter_misc":{"Gesch\u00e4tzte Lesezeit":"2\u00a0Minuten"},"schema":{"@context":"https:\/\/schema.org","@graph":[{"@type":"WebPage","@id":"https:\/\/statistix.at\/?page_id=529","url":"https:\/\/statistix.at\/?page_id=529","name":"Datenschutz - simplify your data","isPartOf":{"@id":"https:\/\/statistix.at\/#website"},"datePublished":"2023-06-05T12:22:01+00:00","dateModified":"2023-07-12T12:35:46+00:00","breadcrumb":{"@id":"https:\/\/statistix.at\/?page_id=529#breadcrumb"},"inLanguage":"de","potentialAction":[{"@type":"ReadAction","target":["https:\/\/statistix.at\/?page_id=529"]}]},{"@type":"BreadcrumbList","@id":"https:\/\/statistix.at\/?page_id=529#breadcrumb","itemListElement":[{"@type":"ListItem","position":1,"name":"Startseite","item":"https:\/\/statistix.at\/"},{"@type":"ListItem","position":2,"name":"Datenschutz"}]},{"@type":"WebSite","@id":"https:\/\/statistix.at\/#website","url":"https:\/\/statistix.at\/","name":"simplify your data","description":"Evaluation ist meine Leidenschaft","publisher":{"@id":"https:\/\/statistix.at\/#organization"},"potentialAction":[{"@type":"SearchAction","target":{"@type":"EntryPoint","urlTemplate":"https:\/\/statistix.at\/?s={search_term_string}"},"query-input":{"@type":"PropertyValueSpecification","valueRequired":true,"valueName":"search_term_string"}}],"inLanguage":"de"},{"@type":"Organization","@id":"https:\/\/statistix.at\/#organization","name":"simplify your data","url":"https:\/\/statistix.at\/","logo":{"@type":"ImageObject","inLanguage":"de","@id":"https:\/\/statistix.at\/#\/schema\/logo\/image\/","url":"https:\/\/statistix.at\/wp-content\/uploads\/2023\/05\/Logo-1.png","contentUrl":"https:\/\/statistix.at\/wp-content\/uploads\/2023\/05\/Logo-1.png","width":178,"height":50,"caption":"simplify your data"},"image":{"@id":"https:\/\/statistix.at\/#\/schema\/logo\/image\/"}}]}},"_links":{"self":[{"href":"https:\/\/statistix.at\/index.php?rest_route=\/wp\/v2\/pages\/529","targetHints":{"allow":["GET"]}}],"collection":[{"href":"https:\/\/statistix.at\/index.php?rest_route=\/wp\/v2\/pages"}],"about":[{"href":"https:\/\/statistix.at\/index.php?rest_route=\/wp\/v2\/types\/page"}],"author":[{"embeddable":true,"href":"https:\/\/statistix.at\/index.php?rest_route=\/wp\/v2\/users\/1"}],"replies":[{"embeddable":true,"href":"https:\/\/statistix.at\/index.php?rest_route=%2Fwp%2Fv2%2Fcomments&post=529"}],"version-history":[{"count":10,"href":"https:\/\/statistix.at\/index.php?rest_route=\/wp\/v2\/pages\/529\/revisions"}],"predecessor-version":[{"id":709,"href":"https:\/\/statistix.at\/index.php?rest_route=\/wp\/v2\/pages\/529\/revisions\/709"}],"wp:attachment":[{"href":"https:\/\/statistix.at\/index.php?rest_route=%2Fwp%2Fv2%2Fmedia&parent=529"}],"curies":[{"name":"wp","href":"https:\/\/api.w.org\/{rel}","templated":true}]}}