{"id":524,"date":"2023-06-05T12:17:35","date_gmt":"2023-06-05T12:17:35","guid":{"rendered":"https:\/\/dev-statistix.justdo-it.at\/?page_id=524"},"modified":"2023-07-12T12:35:12","modified_gmt":"2023-07-12T12:35:12","slug":"impressum","status":"publish","type":"page","link":"https:\/\/statistix.at\/?page_id=524","title":{"rendered":"Impressum"},"content":{"rendered":"\t\t<div data-elementor-type=\"wp-page\" data-elementor-id=\"524\" class=\"elementor elementor-524\" data-elementor-settings=\"{&quot;ha_cmc_init_switcher&quot;:&quot;no&quot;}\" data-elementor-post-type=\"page\">\n\t\t\t\t<div data-particle_enable=\"false\" data-particle-mobile-disabled=\"false\" class=\"elementor-element elementor-element-6039388 e-flex e-con-boxed wpr-particle-no wpr-jarallax-no wpr-parallax-no wpr-sticky-section-no e-con e-parent\" data-id=\"6039388\" data-element_type=\"container\" data-e-type=\"container\" data-settings=\"{&quot;background_background&quot;:&quot;classic&quot;,&quot;_ha_eqh_enable&quot;:false}\">\n\t\t\t\t\t<div class=\"e-con-inner\">\n\t\t<div data-particle_enable=\"false\" data-particle-mobile-disabled=\"false\" class=\"elementor-element elementor-element-4287e7d e-con-full e-flex wpr-particle-no wpr-jarallax-no wpr-parallax-no wpr-sticky-section-no e-con e-parent\" data-id=\"4287e7d\" data-element_type=\"container\" data-e-type=\"container\" data-settings=\"{&quot;_ha_eqh_enable&quot;:false}\">\n\t\t\t\t<div class=\"elementor-element elementor-element-922d007 elementor-widget elementor-widget-text-editor\" data-id=\"922d007\" data-element_type=\"widget\" data-e-type=\"widget\" data-widget_type=\"text-editor.default\">\n\t\t\t\t<div class=\"elementor-widget-container\">\n\t\t\t\t\t\t\t\t\t<p>Impressum<\/p>\t\t\t\t\t\t\t\t<\/div>\n\t\t\t\t<\/div>\n\t\t\t\t<div class=\"elementor-element elementor-element-f00f7dd elementor-widget elementor-widget-text-editor\" data-id=\"f00f7dd\" data-element_type=\"widget\" data-e-type=\"widget\" data-widget_type=\"text-editor.default\">\n\t\t\t\t<div class=\"elementor-widget-container\">\n\t\t\t\t\t\t\t\t\t<p>Informationen und Offenlegung gem\u00e4\u00df \u00a75 (1) ECG, \u00a7 25 MedienG, \u00a7 63 GewO und \u00a7 14 UGB<br \/>Webseitenbetreiber: Mag. Dr. Birgit Senft<br \/>Anschrift: H\u00f6henweg 1, 9073 Klagenfurt am W\u00f6rthersee<br \/>UID-Nr: ATU70120503<br \/>Gewerbeaufsichtbeh\u00f6rde:<br \/>Mitgliedschaften:<br \/>Kontaktdaten:<br \/>Telefon: +436506452429<br \/>Email: office@statistix.at<br \/>Fax:<br \/>Anwendbare Rechtsvorschrift:<br \/>Berufsbezeichnung: Klinische Psychologie | Gesundheitspsychologie | Evaluation<br \/>Online Streitbeilegung:<br \/>Urheberrecht: Die Inhalte dieser Webseite unterliegen, soweit dies rechtlich m\u00f6glich ist, diversen Schutzrechten (z.B dem Urheberrecht). Jegliche Verwendung\/Verbreitung von bereitgestelltem Material, welche urheberrechtlich untersagt ist, bedarf schriftlicher Zustimmung des Webseitenbetreibers.<br \/>Haftungsausschluss: Trotz sorgf\u00e4ltiger inhaltlicher Kontrolle \u00fcbernimmt der Webseitenbetreiber dieser Webseite keine Haftung f\u00fcr die Inhalte externer Links. F\u00fcr den Inhalt der verlinkten Seiten sind ausschlie\u00dflich deren Betreiber verantwortlich. Sollten Sie dennoch auf ausgehende Links aufmerksam werden, welche auf eine Webseite mit rechtswidriger T\u00e4tigkeit\/Information verweisen, ersuchen wir um dementsprechenden Hinweis, um diese nach \u00a7 17 Abs. 2 ECG umgehend zu entfernen.<br \/>Die Urheberrechte Dritter werden vom Betreiber dieser Webseite mit gr\u00f6\u00dfter Sorgfalt beachtet. Sollten Sie trotzdem auf eine Urheberrechtsverletzung aufmerksam werden, bitten wir um einen entsprechenden Hinweis. Bei Bekanntwerden derartiger Rechtsverletzungen werden wir den betroffenen Inhalt umgehend entfernen.<br \/>Quelle: Impressum Generator \u00d6sterreich in Kooperation mit Umzug und Transport Firma Wien<\/p>\t\t\t\t\t\t\t\t<\/div>\n\t\t\t\t<\/div>\n\t\t\t\t<\/div>\n\t\t\t\t\t<\/div>\n\t\t\t\t<\/div>\n\t\t\t\t<\/div>\n\t\t","protected":false},"excerpt":{"rendered":"<p>Impressum Informationen und Offenlegung gem\u00e4\u00df \u00a75 (1) ECG, \u00a7 25 MedienG, \u00a7 63 GewO und \u00a7 14 UGBWebseitenbetreiber: Mag. Dr. Birgit SenftAnschrift: H\u00f6henweg 1, 9073 Klagenfurt am W\u00f6rtherseeUID-Nr: ATU70120503Gewerbeaufsichtbeh\u00f6rde:Mitgliedschaften:Kontaktdaten:Telefon: +436506452429Email: office@statistix.atFax:Anwendbare Rechtsvorschrift:Berufsbezeichnung: Klinische Psychologie | Gesundheitspsychologie | EvaluationOnline Streitbeilegung:Urheberrecht: Die Inhalte dieser Webseite unterliegen, soweit dies rechtlich m\u00f6glich ist, diversen Schutzrechten (z.B dem Urheberrecht). Jegliche Verwendung\/Verbreitung von bereitgestelltem Material, welche urheberrechtlich untersagt ist, bedarf schriftlicher Zustimmung des Webseitenbetreibers.Haftungsausschluss: Trotz sorgf\u00e4ltiger inhaltlicher Kontrolle \u00fcbernimmt der Webseitenbetreiber dieser Webseite keine Haftung f\u00fcr die Inhalte externer Links. F\u00fcr den Inhalt der verlinkten Seiten sind ausschlie\u00dflich deren Betreiber verantwortlich. Sollten Sie dennoch auf ausgehende Links aufmerksam werden, welche auf eine Webseite mit rechtswidriger T\u00e4tigkeit\/Information verweisen, ersuchen wir um dementsprechenden Hinweis, um diese nach \u00a7 17 Abs. 2 ECG umgehend zu entfernen.Die Urheberrechte Dritter werden vom Betreiber dieser Webseite mit gr\u00f6\u00dfter Sorgfalt beachtet. Sollten Sie trotzdem auf eine Urheberrechtsverletzung aufmerksam werden, bitten wir um einen entsprechenden Hinweis. Bei Bekanntwerden derartiger Rechtsverletzungen werden wir den betroffenen Inhalt umgehend entfernen.Quelle: Impressum Generator \u00d6sterreich in Kooperation mit Umzug und Transport Firma Wien<\/p>\n","protected":false},"author":1,"featured_media":0,"parent":0,"menu_order":0,"comment_status":"closed","ping_status":"closed","template":"elementor_header_footer","meta":{"footnotes":""},"class_list":["post-524","page","type-page","status-publish","hentry"],"yoast_head":"<!-- This site is optimized with the Yoast SEO plugin v27.3 - https:\/\/yoast.com\/product\/yoast-seo-wordpress\/ -->\n<title>Impressum - simplify your data<\/title>\n<meta name=\"robots\" content=\"index, follow, max-snippet:-1, max-image-preview:large, max-video-preview:-1\" \/>\n<link rel=\"canonical\" href=\"https:\/\/statistix.at\/?page_id=524\" \/>\n<meta property=\"og:locale\" content=\"de_DE\" \/>\n<meta property=\"og:type\" content=\"article\" \/>\n<meta property=\"og:title\" content=\"Impressum - simplify your data\" \/>\n<meta property=\"og:description\" content=\"Impressum Informationen und Offenlegung gem\u00e4\u00df \u00a75 (1) ECG, \u00a7 25 MedienG, \u00a7 63 GewO und \u00a7 14 UGBWebseitenbetreiber: Mag. Dr. Birgit SenftAnschrift: H\u00f6henweg 1, 9073 Klagenfurt am W\u00f6rtherseeUID-Nr: ATU70120503Gewerbeaufsichtbeh\u00f6rde:Mitgliedschaften:Kontaktdaten:Telefon: +436506452429Email: office@statistix.atFax:Anwendbare Rechtsvorschrift:Berufsbezeichnung: Klinische Psychologie | Gesundheitspsychologie | EvaluationOnline Streitbeilegung:Urheberrecht: Die Inhalte dieser Webseite unterliegen, soweit dies rechtlich m\u00f6glich ist, diversen Schutzrechten (z.B dem Urheberrecht). Jegliche Verwendung\/Verbreitung von bereitgestelltem Material, welche urheberrechtlich untersagt ist, bedarf schriftlicher Zustimmung des Webseitenbetreibers.Haftungsausschluss: Trotz sorgf\u00e4ltiger inhaltlicher Kontrolle \u00fcbernimmt der Webseitenbetreiber dieser Webseite keine Haftung f\u00fcr die Inhalte externer Links. F\u00fcr den Inhalt der verlinkten Seiten sind ausschlie\u00dflich deren Betreiber verantwortlich. Sollten Sie dennoch auf ausgehende Links aufmerksam werden, welche auf eine Webseite mit rechtswidriger T\u00e4tigkeit\/Information verweisen, ersuchen wir um dementsprechenden Hinweis, um diese nach \u00a7 17 Abs. 2 ECG umgehend zu entfernen.Die Urheberrechte Dritter werden vom Betreiber dieser Webseite mit gr\u00f6\u00dfter Sorgfalt beachtet. Sollten Sie trotzdem auf eine Urheberrechtsverletzung aufmerksam werden, bitten wir um einen entsprechenden Hinweis. Bei Bekanntwerden derartiger Rechtsverletzungen werden wir den betroffenen Inhalt umgehend entfernen.Quelle: Impressum Generator \u00d6sterreich in Kooperation mit Umzug und Transport Firma Wien\" \/>\n<meta property=\"og:url\" content=\"https:\/\/statistix.at\/?page_id=524\" \/>\n<meta property=\"og:site_name\" content=\"simplify your data\" \/>\n<meta property=\"article:modified_time\" content=\"2023-07-12T12:35:12+00:00\" \/>\n<meta name=\"twitter:card\" content=\"summary_large_image\" \/>\n<meta name=\"twitter:label1\" content=\"Gesch\u00e4tzte Lesezeit\" \/>\n\t<meta name=\"twitter:data1\" content=\"2\u00a0Minuten\" \/>\n<script type=\"application\/ld+json\" class=\"yoast-schema-graph\">{\"@context\":\"https:\\\/\\\/schema.org\",\"@graph\":[{\"@type\":\"WebPage\",\"@id\":\"https:\\\/\\\/statistix.at\\\/?page_id=524\",\"url\":\"https:\\\/\\\/statistix.at\\\/?page_id=524\",\"name\":\"Impressum - simplify your data\",\"isPartOf\":{\"@id\":\"https:\\\/\\\/statistix.at\\\/#website\"},\"datePublished\":\"2023-06-05T12:17:35+00:00\",\"dateModified\":\"2023-07-12T12:35:12+00:00\",\"breadcrumb\":{\"@id\":\"https:\\\/\\\/statistix.at\\\/?page_id=524#breadcrumb\"},\"inLanguage\":\"de\",\"potentialAction\":[{\"@type\":\"ReadAction\",\"target\":[\"https:\\\/\\\/statistix.at\\\/?page_id=524\"]}]},{\"@type\":\"BreadcrumbList\",\"@id\":\"https:\\\/\\\/statistix.at\\\/?page_id=524#breadcrumb\",\"itemListElement\":[{\"@type\":\"ListItem\",\"position\":1,\"name\":\"Startseite\",\"item\":\"https:\\\/\\\/statistix.at\\\/\"},{\"@type\":\"ListItem\",\"position\":2,\"name\":\"Impressum\"}]},{\"@type\":\"WebSite\",\"@id\":\"https:\\\/\\\/statistix.at\\\/#website\",\"url\":\"https:\\\/\\\/statistix.at\\\/\",\"name\":\"simplify your data\",\"description\":\"Evaluation ist meine Leidenschaft\",\"publisher\":{\"@id\":\"https:\\\/\\\/statistix.at\\\/#organization\"},\"potentialAction\":[{\"@type\":\"SearchAction\",\"target\":{\"@type\":\"EntryPoint\",\"urlTemplate\":\"https:\\\/\\\/statistix.at\\\/?s={search_term_string}\"},\"query-input\":{\"@type\":\"PropertyValueSpecification\",\"valueRequired\":true,\"valueName\":\"search_term_string\"}}],\"inLanguage\":\"de\"},{\"@type\":\"Organization\",\"@id\":\"https:\\\/\\\/statistix.at\\\/#organization\",\"name\":\"simplify your data\",\"url\":\"https:\\\/\\\/statistix.at\\\/\",\"logo\":{\"@type\":\"ImageObject\",\"inLanguage\":\"de\",\"@id\":\"https:\\\/\\\/statistix.at\\\/#\\\/schema\\\/logo\\\/image\\\/\",\"url\":\"https:\\\/\\\/statistix.at\\\/wp-content\\\/uploads\\\/2023\\\/05\\\/Logo-1.png\",\"contentUrl\":\"https:\\\/\\\/statistix.at\\\/wp-content\\\/uploads\\\/2023\\\/05\\\/Logo-1.png\",\"width\":178,\"height\":50,\"caption\":\"simplify your data\"},\"image\":{\"@id\":\"https:\\\/\\\/statistix.at\\\/#\\\/schema\\\/logo\\\/image\\\/\"}}]}<\/script>\n<!-- \/ Yoast SEO plugin. -->","yoast_head_json":{"title":"Impressum - simplify your data","robots":{"index":"index","follow":"follow","max-snippet":"max-snippet:-1","max-image-preview":"max-image-preview:large","max-video-preview":"max-video-preview:-1"},"canonical":"https:\/\/statistix.at\/?page_id=524","og_locale":"de_DE","og_type":"article","og_title":"Impressum - simplify your data","og_description":"Impressum Informationen und Offenlegung gem\u00e4\u00df \u00a75 (1) ECG, \u00a7 25 MedienG, \u00a7 63 GewO und \u00a7 14 UGBWebseitenbetreiber: Mag. Dr. Birgit SenftAnschrift: H\u00f6henweg 1, 9073 Klagenfurt am W\u00f6rtherseeUID-Nr: ATU70120503Gewerbeaufsichtbeh\u00f6rde:Mitgliedschaften:Kontaktdaten:Telefon: +436506452429Email: office@statistix.atFax:Anwendbare Rechtsvorschrift:Berufsbezeichnung: Klinische Psychologie | Gesundheitspsychologie | EvaluationOnline Streitbeilegung:Urheberrecht: Die Inhalte dieser Webseite unterliegen, soweit dies rechtlich m\u00f6glich ist, diversen Schutzrechten (z.B dem Urheberrecht). Jegliche Verwendung\/Verbreitung von bereitgestelltem Material, welche urheberrechtlich untersagt ist, bedarf schriftlicher Zustimmung des Webseitenbetreibers.Haftungsausschluss: Trotz sorgf\u00e4ltiger inhaltlicher Kontrolle \u00fcbernimmt der Webseitenbetreiber dieser Webseite keine Haftung f\u00fcr die Inhalte externer Links. F\u00fcr den Inhalt der verlinkten Seiten sind ausschlie\u00dflich deren Betreiber verantwortlich. Sollten Sie dennoch auf ausgehende Links aufmerksam werden, welche auf eine Webseite mit rechtswidriger T\u00e4tigkeit\/Information verweisen, ersuchen wir um dementsprechenden Hinweis, um diese nach \u00a7 17 Abs. 2 ECG umgehend zu entfernen.Die Urheberrechte Dritter werden vom Betreiber dieser Webseite mit gr\u00f6\u00dfter Sorgfalt beachtet. Sollten Sie trotzdem auf eine Urheberrechtsverletzung aufmerksam werden, bitten wir um einen entsprechenden Hinweis. Bei Bekanntwerden derartiger Rechtsverletzungen werden wir den betroffenen Inhalt umgehend entfernen.Quelle: Impressum Generator \u00d6sterreich in Kooperation mit Umzug und Transport Firma Wien","og_url":"https:\/\/statistix.at\/?page_id=524","og_site_name":"simplify your data","article_modified_time":"2023-07-12T12:35:12+00:00","twitter_card":"summary_large_image","twitter_misc":{"Gesch\u00e4tzte Lesezeit":"2\u00a0Minuten"},"schema":{"@context":"https:\/\/schema.org","@graph":[{"@type":"WebPage","@id":"https:\/\/statistix.at\/?page_id=524","url":"https:\/\/statistix.at\/?page_id=524","name":"Impressum - simplify your data","isPartOf":{"@id":"https:\/\/statistix.at\/#website"},"datePublished":"2023-06-05T12:17:35+00:00","dateModified":"2023-07-12T12:35:12+00:00","breadcrumb":{"@id":"https:\/\/statistix.at\/?page_id=524#breadcrumb"},"inLanguage":"de","potentialAction":[{"@type":"ReadAction","target":["https:\/\/statistix.at\/?page_id=524"]}]},{"@type":"BreadcrumbList","@id":"https:\/\/statistix.at\/?page_id=524#breadcrumb","itemListElement":[{"@type":"ListItem","position":1,"name":"Startseite","item":"https:\/\/statistix.at\/"},{"@type":"ListItem","position":2,"name":"Impressum"}]},{"@type":"WebSite","@id":"https:\/\/statistix.at\/#website","url":"https:\/\/statistix.at\/","name":"simplify your data","description":"Evaluation ist meine Leidenschaft","publisher":{"@id":"https:\/\/statistix.at\/#organization"},"potentialAction":[{"@type":"SearchAction","target":{"@type":"EntryPoint","urlTemplate":"https:\/\/statistix.at\/?s={search_term_string}"},"query-input":{"@type":"PropertyValueSpecification","valueRequired":true,"valueName":"search_term_string"}}],"inLanguage":"de"},{"@type":"Organization","@id":"https:\/\/statistix.at\/#organization","name":"simplify your data","url":"https:\/\/statistix.at\/","logo":{"@type":"ImageObject","inLanguage":"de","@id":"https:\/\/statistix.at\/#\/schema\/logo\/image\/","url":"https:\/\/statistix.at\/wp-content\/uploads\/2023\/05\/Logo-1.png","contentUrl":"https:\/\/statistix.at\/wp-content\/uploads\/2023\/05\/Logo-1.png","width":178,"height":50,"caption":"simplify your data"},"image":{"@id":"https:\/\/statistix.at\/#\/schema\/logo\/image\/"}}]}},"_links":{"self":[{"href":"https:\/\/statistix.at\/index.php?rest_route=\/wp\/v2\/pages\/524","targetHints":{"allow":["GET"]}}],"collection":[{"href":"https:\/\/statistix.at\/index.php?rest_route=\/wp\/v2\/pages"}],"about":[{"href":"https:\/\/statistix.at\/index.php?rest_route=\/wp\/v2\/types\/page"}],"author":[{"embeddable":true,"href":"https:\/\/statistix.at\/index.php?rest_route=\/wp\/v2\/users\/1"}],"replies":[{"embeddable":true,"href":"https:\/\/statistix.at\/index.php?rest_route=%2Fwp%2Fv2%2Fcomments&post=524"}],"version-history":[{"count":10,"href":"https:\/\/statistix.at\/index.php?rest_route=\/wp\/v2\/pages\/524\/revisions"}],"predecessor-version":[{"id":706,"href":"https:\/\/statistix.at\/index.php?rest_route=\/wp\/v2\/pages\/524\/revisions\/706"}],"wp:attachment":[{"href":"https:\/\/statistix.at\/index.php?rest_route=%2Fwp%2Fv2%2Fmedia&parent=524"}],"curies":[{"name":"wp","href":"https:\/\/api.w.org\/{rel}","templated":true}]}}