{"id":516,"date":"2023-06-05T11:51:07","date_gmt":"2023-06-05T11:51:07","guid":{"rendered":"https:\/\/dev-statistix.justdo-it.at\/?page_id=516"},"modified":"2023-07-11T14:45:44","modified_gmt":"2023-07-11T14:45:44","slug":"aktuelles","status":"publish","type":"page","link":"https:\/\/statistix.at\/?page_id=516","title":{"rendered":"Aktuelles"},"content":{"rendered":"\t\t<div data-elementor-type=\"wp-page\" data-elementor-id=\"516\" class=\"elementor elementor-516\" data-elementor-settings=\"{&quot;ha_cmc_init_switcher&quot;:&quot;no&quot;}\" data-elementor-post-type=\"page\">\n\t\t\t\t<div data-particle_enable=\"false\" data-particle-mobile-disabled=\"false\" class=\"elementor-element elementor-element-6039388 e-flex e-con-boxed wpr-particle-no wpr-jarallax-no wpr-parallax-no wpr-sticky-section-no wpr-equal-height-no e-con e-parent\" data-id=\"6039388\" data-element_type=\"container\" data-e-type=\"container\" data-settings=\"{&quot;background_background&quot;:&quot;classic&quot;,&quot;_ha_eqh_enable&quot;:false}\">\n\t\t\t\t\t<div class=\"e-con-inner\">\n\t\t<div data-particle_enable=\"false\" data-particle-mobile-disabled=\"false\" class=\"elementor-element elementor-element-4287e7d e-con-full e-flex wpr-particle-no wpr-jarallax-no wpr-parallax-no wpr-sticky-section-no wpr-equal-height-no e-con e-parent\" data-id=\"4287e7d\" data-element_type=\"container\" data-e-type=\"container\" data-settings=\"{&quot;_ha_eqh_enable&quot;:false}\">\n\t\t\t\t<div class=\"elementor-element elementor-element-b6b0b73 elementor-widget elementor-widget-text-editor\" data-id=\"b6b0b73\" data-element_type=\"widget\" data-e-type=\"widget\" data-widget_type=\"text-editor.default\">\n\t\t\t\t<div class=\"elementor-widget-container\">\n\t\t\t\t\t\t\t\t\t<p>Aktuelles<\/p>\t\t\t\t\t\t\t\t<\/div>\n\t\t\t\t<\/div>\n\t\t\t\t<div class=\"elementor-element elementor-element-69c2fa3 elementor-widget-divider--view-line elementor-widget elementor-widget-divider\" data-id=\"69c2fa3\" data-element_type=\"widget\" data-e-type=\"widget\" data-widget_type=\"divider.default\">\n\t\t\t\t<div class=\"elementor-widget-container\">\n\t\t\t\t\t\t\t<div class=\"elementor-divider\">\n\t\t\t<span class=\"elementor-divider-separator\">\n\t\t\t\t\t\t<\/span>\n\t\t<\/div>\n\t\t\t\t\t\t<\/div>\n\t\t\t\t<\/div>\n\t\t\t\t<div class=\"elementor-element elementor-element-922d007 elementor-widget elementor-widget-text-editor\" data-id=\"922d007\" data-element_type=\"widget\" data-e-type=\"widget\" data-widget_type=\"text-editor.default\">\n\t\t\t\t<div class=\"elementor-widget-container\">\n\t\t\t\t\t\t\t\t\t<p>Vortrag Reha-Kolloquium 2023<\/p>\t\t\t\t\t\t\t\t<\/div>\n\t\t\t\t<\/div>\n\t\t\t\t<div class=\"elementor-element elementor-element-f00f7dd elementor-widget elementor-widget-text-editor\" data-id=\"f00f7dd\" data-element_type=\"widget\" data-e-type=\"widget\" data-widget_type=\"text-editor.default\">\n\t\t\t\t<div class=\"elementor-widget-container\">\n\t\t\t\t\t\t\t\t\t<p>Im Auftrag der Privatklinik St. Radegund wurden beim Reha-Kolloquium 2023 Ergebnisse der medizinisch-psychiatrischen Rehabilitation f\u00fcr Personen im Pensionsalter pr\u00e4sentiert.<\/p><p>Das 32. Reha-Kolloquium 2023 wurde im Februar in Hannover als Pr\u00e4senz-Veranstaltung mit begleitendem Live-Stream des Hauptstranges durch die Deutsche Rentenversicherung Bund, die Deutsche Rentenversicherung Braunschweig-Hannover und die Deutsche Gesellschaft f\u00fcr Rehabilitationswissenschaften (DGRW) veranstaltet.<\/p>\t\t\t\t\t\t\t\t<\/div>\n\t\t\t\t<\/div>\n\t\t\t\t<div class=\"elementor-element elementor-element-00121fb elementor-widget elementor-widget-text-editor\" data-id=\"00121fb\" data-element_type=\"widget\" data-e-type=\"widget\" data-widget_type=\"text-editor.default\">\n\t\t\t\t<div class=\"elementor-widget-container\">\n\t\t\t\t\t\t\t\t\t<p><a href=\"https:\/\/statistix.at\/wp-content\/uploads\/2023\/06\/PK_ST_Radegund_Reha_Kolloquium_2023.pdf\" target=\"_blank\" rel=\"noopener\"><span style=\"color: #b71918;\"><span style=\"text-decoration: underline;\">Vortrag Reha-Kolloquium (PDF)<\/span><\/span><\/a><\/p>\t\t\t\t\t\t\t\t<\/div>\n\t\t\t\t<\/div>\n\t\t\t\t<\/div>\n\t\t\t\t\t<\/div>\n\t\t\t\t<\/div>\n\t\t<div data-particle_enable=\"false\" data-particle-mobile-disabled=\"false\" class=\"elementor-element elementor-element-910967d e-flex e-con-boxed wpr-particle-no wpr-jarallax-no wpr-parallax-no wpr-sticky-section-no wpr-equal-height-no e-con e-parent\" data-id=\"910967d\" data-element_type=\"container\" data-e-type=\"container\" data-settings=\"{&quot;background_background&quot;:&quot;classic&quot;,&quot;_ha_eqh_enable&quot;:false}\">\n\t\t\t\t\t<div class=\"e-con-inner\">\n\t\t<div data-particle_enable=\"false\" data-particle-mobile-disabled=\"false\" class=\"elementor-element elementor-element-a3effe9 e-flex e-con-boxed wpr-particle-no wpr-jarallax-no wpr-parallax-no wpr-sticky-section-no wpr-equal-height-no e-con e-parent\" data-id=\"a3effe9\" data-element_type=\"container\" data-e-type=\"container\" data-settings=\"{&quot;background_background&quot;:&quot;classic&quot;,&quot;_ha_eqh_enable&quot;:false}\">\n\t\t\t\t\t<div class=\"e-con-inner\">\n\t\t<div data-particle_enable=\"false\" data-particle-mobile-disabled=\"false\" class=\"elementor-element elementor-element-e7b77d1 e-con-full e-flex wpr-particle-no wpr-jarallax-no wpr-parallax-no wpr-sticky-section-no wpr-equal-height-no e-con e-parent\" data-id=\"e7b77d1\" data-element_type=\"container\" data-e-type=\"container\" data-settings=\"{&quot;_ha_eqh_enable&quot;:false}\">\n\t\t\t\t<div class=\"elementor-element elementor-element-7298a43 elementor-widget elementor-widget-text-editor\" data-id=\"7298a43\" data-element_type=\"widget\" data-e-type=\"widget\" data-widget_type=\"text-editor.default\">\n\t\t\t\t<div class=\"elementor-widget-container\">\n\t\t\t\t\t\t\t\t\t<p>Neue Weggef\u00e4hrtin im B\u00fcro<\/p>\t\t\t\t\t\t\t\t<\/div>\n\t\t\t\t<\/div>\n\t\t\t\t<div class=\"elementor-element elementor-element-3e3a8f2 elementor-widget elementor-widget-text-editor\" data-id=\"3e3a8f2\" data-element_type=\"widget\" data-e-type=\"widget\" data-widget_type=\"text-editor.default\">\n\t\t\t\t<div class=\"elementor-widget-container\">\n\t\t\t\t\t\t\t\t\t<p>Sophie vom Str\u00f6denhof ist meine neue Begleiterin im B\u00fcro und im Leben.<br \/>Sie hat schon viel Verst\u00e4ndnis f\u00fcr Daten und Analysen!<\/p>\t\t\t\t\t\t\t\t<\/div>\n\t\t\t\t<\/div>\n\t\t\t\t<div class=\"elementor-element elementor-element-45b992c elementor-widget elementor-widget-image\" data-id=\"45b992c\" data-element_type=\"widget\" data-e-type=\"widget\" data-widget_type=\"image.default\">\n\t\t\t\t<div class=\"elementor-widget-container\">\n\t\t\t\t\t\t\t\t\t\t\t\t\t\t\t<img fetchpriority=\"high\" decoding=\"async\" width=\"1440\" height=\"1920\" src=\"https:\/\/statistix.at\/wp-content\/uploads\/2023\/06\/Aktuelles_Sophie.jpg\" class=\"attachment-full size-full wp-image-520\" alt=\"\" srcset=\"https:\/\/statistix.at\/wp-content\/uploads\/2023\/06\/Aktuelles_Sophie.jpg 1440w, https:\/\/statistix.at\/wp-content\/uploads\/2023\/06\/Aktuelles_Sophie-225x300.jpg 225w, https:\/\/statistix.at\/wp-content\/uploads\/2023\/06\/Aktuelles_Sophie-768x1024.jpg 768w, https:\/\/statistix.at\/wp-content\/uploads\/2023\/06\/Aktuelles_Sophie-1152x1536.jpg 1152w\" sizes=\"(max-width: 1440px) 100vw, 1440px\" \/>\t\t\t\t\t\t\t\t\t\t\t\t\t\t\t<\/div>\n\t\t\t\t<\/div>\n\t\t\t\t<\/div>\n\t\t\t\t\t<\/div>\n\t\t\t\t<\/div>\n\t\t\t\t\t<\/div>\n\t\t\t\t<\/div>\n\t\t\t\t<\/div>\n\t\t","protected":false},"excerpt":{"rendered":"<p>Aktuelles Vortrag Reha-Kolloquium 2023 Im Auftrag der Privatklinik St. Radegund wurden beim Reha-Kolloquium 2023 Ergebnisse der medizinisch-psychiatrischen Rehabilitation f\u00fcr Personen im Pensionsalter pr\u00e4sentiert. Das 32. Reha-Kolloquium 2023 wurde im Februar in Hannover als Pr\u00e4senz-Veranstaltung mit begleitendem Live-Stream des Hauptstranges durch die Deutsche Rentenversicherung Bund, die Deutsche Rentenversicherung Braunschweig-Hannover und die Deutsche Gesellschaft f\u00fcr Rehabilitationswissenschaften (DGRW) veranstaltet. Vortrag Reha-Kolloquium (PDF) Neue Weggef\u00e4hrtin im B\u00fcro Sophie vom Str\u00f6denhof ist meine neue Begleiterin im B\u00fcro und im Leben.Sie hat schon viel Verst\u00e4ndnis f\u00fcr Daten und Analysen!<\/p>\n","protected":false},"author":1,"featured_media":0,"parent":0,"menu_order":0,"comment_status":"closed","ping_status":"closed","template":"elementor_header_footer","meta":{"footnotes":""},"class_list":["post-516","page","type-page","status-publish","hentry"],"yoast_head":"<!-- This site is optimized with the Yoast SEO plugin v27.4 - https:\/\/yoast.com\/product\/yoast-seo-wordpress\/ -->\n<title>Aktuelles - simplify your data<\/title>\n<meta name=\"robots\" content=\"index, follow, max-snippet:-1, max-image-preview:large, max-video-preview:-1\" \/>\n<link rel=\"canonical\" href=\"https:\/\/statistix.at\/?page_id=516\" \/>\n<meta property=\"og:locale\" content=\"de_DE\" \/>\n<meta property=\"og:type\" content=\"article\" \/>\n<meta property=\"og:title\" content=\"Aktuelles - simplify your data\" \/>\n<meta property=\"og:description\" content=\"Aktuelles Vortrag Reha-Kolloquium 2023 Im Auftrag der Privatklinik St. Radegund wurden beim Reha-Kolloquium 2023 Ergebnisse der medizinisch-psychiatrischen Rehabilitation f\u00fcr Personen im Pensionsalter pr\u00e4sentiert. Das 32. Reha-Kolloquium 2023 wurde im Februar in Hannover als Pr\u00e4senz-Veranstaltung mit begleitendem Live-Stream des Hauptstranges durch die Deutsche Rentenversicherung Bund, die Deutsche Rentenversicherung Braunschweig-Hannover und die Deutsche Gesellschaft f\u00fcr Rehabilitationswissenschaften (DGRW) veranstaltet. Vortrag Reha-Kolloquium (PDF) Neue Weggef\u00e4hrtin im B\u00fcro Sophie vom Str\u00f6denhof ist meine neue Begleiterin im B\u00fcro und im Leben.Sie hat schon viel Verst\u00e4ndnis f\u00fcr Daten und Analysen!\" \/>\n<meta property=\"og:url\" content=\"https:\/\/statistix.at\/?page_id=516\" \/>\n<meta property=\"og:site_name\" content=\"simplify your data\" \/>\n<meta property=\"article:modified_time\" content=\"2023-07-11T14:45:44+00:00\" \/>\n<meta property=\"og:image\" content=\"https:\/\/dev-statistix.justdo-it.at\/wp-content\/uploads\/2023\/06\/Aktuelles_Sophie.jpg\" \/>\n<meta name=\"twitter:card\" content=\"summary_large_image\" \/>\n<meta name=\"twitter:label1\" content=\"Gesch\u00e4tzte Lesezeit\" \/>\n\t<meta name=\"twitter:data1\" content=\"1\u00a0Minute\" \/>\n<script type=\"application\/ld+json\" class=\"yoast-schema-graph\">{\"@context\":\"https:\\\/\\\/schema.org\",\"@graph\":[{\"@type\":\"WebPage\",\"@id\":\"https:\\\/\\\/statistix.at\\\/?page_id=516\",\"url\":\"https:\\\/\\\/statistix.at\\\/?page_id=516\",\"name\":\"Aktuelles - simplify your data\",\"isPartOf\":{\"@id\":\"https:\\\/\\\/statistix.at\\\/#website\"},\"primaryImageOfPage\":{\"@id\":\"https:\\\/\\\/statistix.at\\\/?page_id=516#primaryimage\"},\"image\":{\"@id\":\"https:\\\/\\\/statistix.at\\\/?page_id=516#primaryimage\"},\"thumbnailUrl\":\"https:\\\/\\\/dev-statistix.justdo-it.at\\\/wp-content\\\/uploads\\\/2023\\\/06\\\/Aktuelles_Sophie.jpg\",\"datePublished\":\"2023-06-05T11:51:07+00:00\",\"dateModified\":\"2023-07-11T14:45:44+00:00\",\"breadcrumb\":{\"@id\":\"https:\\\/\\\/statistix.at\\\/?page_id=516#breadcrumb\"},\"inLanguage\":\"de\",\"potentialAction\":[{\"@type\":\"ReadAction\",\"target\":[\"https:\\\/\\\/statistix.at\\\/?page_id=516\"]}]},{\"@type\":\"ImageObject\",\"inLanguage\":\"de\",\"@id\":\"https:\\\/\\\/statistix.at\\\/?page_id=516#primaryimage\",\"url\":\"https:\\\/\\\/dev-statistix.justdo-it.at\\\/wp-content\\\/uploads\\\/2023\\\/06\\\/Aktuelles_Sophie.jpg\",\"contentUrl\":\"https:\\\/\\\/dev-statistix.justdo-it.at\\\/wp-content\\\/uploads\\\/2023\\\/06\\\/Aktuelles_Sophie.jpg\"},{\"@type\":\"BreadcrumbList\",\"@id\":\"https:\\\/\\\/statistix.at\\\/?page_id=516#breadcrumb\",\"itemListElement\":[{\"@type\":\"ListItem\",\"position\":1,\"name\":\"Startseite\",\"item\":\"https:\\\/\\\/statistix.at\\\/\"},{\"@type\":\"ListItem\",\"position\":2,\"name\":\"Aktuelles\"}]},{\"@type\":\"WebSite\",\"@id\":\"https:\\\/\\\/statistix.at\\\/#website\",\"url\":\"https:\\\/\\\/statistix.at\\\/\",\"name\":\"simplify your data\",\"description\":\"Evaluation ist meine Leidenschaft\",\"publisher\":{\"@id\":\"https:\\\/\\\/statistix.at\\\/#organization\"},\"potentialAction\":[{\"@type\":\"SearchAction\",\"target\":{\"@type\":\"EntryPoint\",\"urlTemplate\":\"https:\\\/\\\/statistix.at\\\/?s={search_term_string}\"},\"query-input\":{\"@type\":\"PropertyValueSpecification\",\"valueRequired\":true,\"valueName\":\"search_term_string\"}}],\"inLanguage\":\"de\"},{\"@type\":\"Organization\",\"@id\":\"https:\\\/\\\/statistix.at\\\/#organization\",\"name\":\"simplify your data\",\"url\":\"https:\\\/\\\/statistix.at\\\/\",\"logo\":{\"@type\":\"ImageObject\",\"inLanguage\":\"de\",\"@id\":\"https:\\\/\\\/statistix.at\\\/#\\\/schema\\\/logo\\\/image\\\/\",\"url\":\"https:\\\/\\\/statistix.at\\\/wp-content\\\/uploads\\\/2023\\\/05\\\/Logo-1.png\",\"contentUrl\":\"https:\\\/\\\/statistix.at\\\/wp-content\\\/uploads\\\/2023\\\/05\\\/Logo-1.png\",\"width\":178,\"height\":50,\"caption\":\"simplify your data\"},\"image\":{\"@id\":\"https:\\\/\\\/statistix.at\\\/#\\\/schema\\\/logo\\\/image\\\/\"}}]}<\/script>\n<!-- \/ Yoast SEO plugin. -->","yoast_head_json":{"title":"Aktuelles - simplify your data","robots":{"index":"index","follow":"follow","max-snippet":"max-snippet:-1","max-image-preview":"max-image-preview:large","max-video-preview":"max-video-preview:-1"},"canonical":"https:\/\/statistix.at\/?page_id=516","og_locale":"de_DE","og_type":"article","og_title":"Aktuelles - simplify your data","og_description":"Aktuelles Vortrag Reha-Kolloquium 2023 Im Auftrag der Privatklinik St. Radegund wurden beim Reha-Kolloquium 2023 Ergebnisse der medizinisch-psychiatrischen Rehabilitation f\u00fcr Personen im Pensionsalter pr\u00e4sentiert. Das 32. Reha-Kolloquium 2023 wurde im Februar in Hannover als Pr\u00e4senz-Veranstaltung mit begleitendem Live-Stream des Hauptstranges durch die Deutsche Rentenversicherung Bund, die Deutsche Rentenversicherung Braunschweig-Hannover und die Deutsche Gesellschaft f\u00fcr Rehabilitationswissenschaften (DGRW) veranstaltet. Vortrag Reha-Kolloquium (PDF) Neue Weggef\u00e4hrtin im B\u00fcro Sophie vom Str\u00f6denhof ist meine neue Begleiterin im B\u00fcro und im Leben.Sie hat schon viel Verst\u00e4ndnis f\u00fcr Daten und Analysen!","og_url":"https:\/\/statistix.at\/?page_id=516","og_site_name":"simplify your data","article_modified_time":"2023-07-11T14:45:44+00:00","og_image":[{"url":"https:\/\/dev-statistix.justdo-it.at\/wp-content\/uploads\/2023\/06\/Aktuelles_Sophie.jpg","type":"","width":"","height":""}],"twitter_card":"summary_large_image","twitter_misc":{"Gesch\u00e4tzte Lesezeit":"1\u00a0Minute"},"schema":{"@context":"https:\/\/schema.org","@graph":[{"@type":"WebPage","@id":"https:\/\/statistix.at\/?page_id=516","url":"https:\/\/statistix.at\/?page_id=516","name":"Aktuelles - simplify your data","isPartOf":{"@id":"https:\/\/statistix.at\/#website"},"primaryImageOfPage":{"@id":"https:\/\/statistix.at\/?page_id=516#primaryimage"},"image":{"@id":"https:\/\/statistix.at\/?page_id=516#primaryimage"},"thumbnailUrl":"https:\/\/dev-statistix.justdo-it.at\/wp-content\/uploads\/2023\/06\/Aktuelles_Sophie.jpg","datePublished":"2023-06-05T11:51:07+00:00","dateModified":"2023-07-11T14:45:44+00:00","breadcrumb":{"@id":"https:\/\/statistix.at\/?page_id=516#breadcrumb"},"inLanguage":"de","potentialAction":[{"@type":"ReadAction","target":["https:\/\/statistix.at\/?page_id=516"]}]},{"@type":"ImageObject","inLanguage":"de","@id":"https:\/\/statistix.at\/?page_id=516#primaryimage","url":"https:\/\/dev-statistix.justdo-it.at\/wp-content\/uploads\/2023\/06\/Aktuelles_Sophie.jpg","contentUrl":"https:\/\/dev-statistix.justdo-it.at\/wp-content\/uploads\/2023\/06\/Aktuelles_Sophie.jpg"},{"@type":"BreadcrumbList","@id":"https:\/\/statistix.at\/?page_id=516#breadcrumb","itemListElement":[{"@type":"ListItem","position":1,"name":"Startseite","item":"https:\/\/statistix.at\/"},{"@type":"ListItem","position":2,"name":"Aktuelles"}]},{"@type":"WebSite","@id":"https:\/\/statistix.at\/#website","url":"https:\/\/statistix.at\/","name":"simplify your data","description":"Evaluation ist meine Leidenschaft","publisher":{"@id":"https:\/\/statistix.at\/#organization"},"potentialAction":[{"@type":"SearchAction","target":{"@type":"EntryPoint","urlTemplate":"https:\/\/statistix.at\/?s={search_term_string}"},"query-input":{"@type":"PropertyValueSpecification","valueRequired":true,"valueName":"search_term_string"}}],"inLanguage":"de"},{"@type":"Organization","@id":"https:\/\/statistix.at\/#organization","name":"simplify your data","url":"https:\/\/statistix.at\/","logo":{"@type":"ImageObject","inLanguage":"de","@id":"https:\/\/statistix.at\/#\/schema\/logo\/image\/","url":"https:\/\/statistix.at\/wp-content\/uploads\/2023\/05\/Logo-1.png","contentUrl":"https:\/\/statistix.at\/wp-content\/uploads\/2023\/05\/Logo-1.png","width":178,"height":50,"caption":"simplify your data"},"image":{"@id":"https:\/\/statistix.at\/#\/schema\/logo\/image\/"}}]}},"_links":{"self":[{"href":"https:\/\/statistix.at\/index.php?rest_route=\/wp\/v2\/pages\/516","targetHints":{"allow":["GET"]}}],"collection":[{"href":"https:\/\/statistix.at\/index.php?rest_route=\/wp\/v2\/pages"}],"about":[{"href":"https:\/\/statistix.at\/index.php?rest_route=\/wp\/v2\/types\/page"}],"author":[{"embeddable":true,"href":"https:\/\/statistix.at\/index.php?rest_route=\/wp\/v2\/users\/1"}],"replies":[{"embeddable":true,"href":"https:\/\/statistix.at\/index.php?rest_route=%2Fwp%2Fv2%2Fcomments&post=516"}],"version-history":[{"count":29,"href":"https:\/\/statistix.at\/index.php?rest_route=\/wp\/v2\/pages\/516\/revisions"}],"predecessor-version":[{"id":683,"href":"https:\/\/statistix.at\/index.php?rest_route=\/wp\/v2\/pages\/516\/revisions\/683"}],"wp:attachment":[{"href":"https:\/\/statistix.at\/index.php?rest_route=%2Fwp%2Fv2%2Fmedia&parent=516"}],"curies":[{"name":"wp","href":"https:\/\/api.w.org\/{rel}","templated":true}]}}